{"id":16,"date":"2019-03-13T08:51:16","date_gmt":"2019-03-13T08:51:16","guid":{"rendered":"http:\/\/wolfgangherzberg-autor.de\/?page_id=16"},"modified":"2022-08-17T12:40:49","modified_gmt":"2022-08-17T12:40:49","slug":"letzte-veroeffentlichungen","status":"publish","type":"page","link":"https:\/\/www.wolfgangherzberg.de\/?page_id=16","title":{"rendered":"Letzte Ver\u00f6ffentlichungen"},"content":{"rendered":"<div class=\"wp-block-image\">\n<figure class=\"alignleft size-large\"><img loading=\"lazy\" decoding=\"async\" width=\"719\" height=\"1024\" src=\"https:\/\/www.wolfgangherzberg.de\/wp-content\/uploads\/2022\/08\/Herzberg_JuedischundLinks_Cover-719x1024.jpg\" alt=\"\" class=\"wp-image-364\" srcset=\"https:\/\/wolfgangherzberg.de\/wp-content\/uploads\/2022\/08\/Herzberg_JuedischundLinks_Cover-719x1024.jpg 719w, https:\/\/wolfgangherzberg.de\/wp-content\/uploads\/2022\/08\/Herzberg_JuedischundLinks_Cover-211x300.jpg 211w, https:\/\/wolfgangherzberg.de\/wp-content\/uploads\/2022\/08\/Herzberg_JuedischundLinks_Cover-768x1094.jpg 768w, https:\/\/wolfgangherzberg.de\/wp-content\/uploads\/2022\/08\/Herzberg_JuedischundLinks_Cover-1078x1536.jpg 1078w, https:\/\/wolfgangherzberg.de\/wp-content\/uploads\/2022\/08\/Herzberg_JuedischundLinks_Cover-1437x2048.jpg 1437w, https:\/\/wolfgangherzberg.de\/wp-content\/uploads\/2022\/08\/Herzberg_JuedischundLinks_Cover-scaled.jpg 1797w\" sizes=\"auto, (max-width: 719px) 100vw, 719px\" \/><figcaption>S\u00e4kulare, linke deutsche Juden, die nach 1945 in die DDR als auch BRD zur\u00fcckkehrten, leisteten eine bedeutenden Beitrag f\u00fcr das politische und kulturelle Leben beider deutscher Staaten. Wie weitgehend dieser Beitrag war, ist bisher kaum bekannt. Wolfgang Herzberg weist nach, dass j\u00fcdische \u00dcberlebende den Kern einer linken Nachkriegsintelligenz in der DDR bildeten und dort oft konfliktreich die (politische) Kultur pr\u00e4gten.<br>Wolfgang Herzberg schildert das alles aus der Innenperspektive seiner j\u00fcdischen Familie. Seine aus England zur\u00fcckgekehrten Eltern waren Teil der hier beschriebenen linken Intelligenz. Die autobiografischen Berichte seiner Mutter, ehemalige Jugend- und Generalstaatsanw\u00e4ltin in Ostberlin, und Vater, aus b\u00fcrgerlichem Hause stammend, werden kontrastiert durch seine eigene biografische Erz\u00e4hlung als Publizist lebensgeschichtlicher Zeitzeugenberichte, Liedermacher und Texter u.a. f\u00fcr die DDR-Rockband \u201ePankow\u201c. Ein streitbares Essay \u00fcber die widerspr\u00fcchlichen Beitr\u00e4ge j\u00fcdischer \u00dcberlebender und ihrer Nachkommen zur DDR-Geschichte, verdichtet die autobiografischen Darstellungen.<br>Engagiert argumentierend, betroffen, in die Geschichte als Au\u00dfenseiter verwickelt, spannt Herzberg eine weiten thematischen wie methodischen Bogen. Ein provozierendes Buch.<br>(zahlr.Abb., ISBN 978-3-86408-281-8, Preis:24,-\u20ac, Vergangenheitsverlag,Berlin, September 2022)<\/figcaption><\/figure>\n<\/div>","protected":false},"excerpt":{"rendered":"","protected":false},"author":1,"featured_media":0,"parent":0,"menu_order":0,"comment_status":"closed","ping_status":"closed","template":"","meta":{"footnotes":""},"class_list":["post-16","page","type-page","status-publish","hentry"],"_links":{"self":[{"href":"https:\/\/www.wolfgangherzberg.de\/index.php?rest_route=\/wp\/v2\/pages\/16","targetHints":{"allow":["GET"]}}],"collection":[{"href":"https:\/\/www.wolfgangherzberg.de\/index.php?rest_route=\/wp\/v2\/pages"}],"about":[{"href":"https:\/\/www.wolfgangherzberg.de\/index.php?rest_route=\/wp\/v2\/types\/page"}],"author":[{"embeddable":true,"href":"https:\/\/www.wolfgangherzberg.de\/index.php?rest_route=\/wp\/v2\/users\/1"}],"replies":[{"embeddable":true,"href":"https:\/\/www.wolfgangherzberg.de\/index.php?rest_route=%2Fwp%2Fv2%2Fcomments&post=16"}],"version-history":[{"count":5,"href":"https:\/\/www.wolfgangherzberg.de\/index.php?rest_route=\/wp\/v2\/pages\/16\/revisions"}],"predecessor-version":[{"id":371,"href":"https:\/\/www.wolfgangherzberg.de\/index.php?rest_route=\/wp\/v2\/pages\/16\/revisions\/371"}],"wp:attachment":[{"href":"https:\/\/www.wolfgangherzberg.de\/index.php?rest_route=%2Fwp%2Fv2%2Fmedia&parent=16"}],"curies":[{"name":"wp","href":"https:\/\/api.w.org\/{rel}","templated":true}]}}